{"id":69,"date":"2017-10-14T21:57:14","date_gmt":"2017-10-14T19:57:14","guid":{"rendered":"http:\/\/karinemarchi.fr\/?page_id=69"},"modified":"2021-05-03T10:33:44","modified_gmt":"2021-05-03T08:33:44","slug":"coaching","status":"publish","type":"page","link":"http:\/\/karinemarchi.fr\/index.php\/coaching\/","title":{"rendered":"LIBEREZ VOTRE CREATIVITE &#8211; www.pheno-therapeute.fr"},"content":{"rendered":"<h1><\/h1>\n<h1><strong>Accompagnement personnalis\u00e9 d&rsquo;artistes<\/strong><\/h1>\n<p>L\u2019acte cr\u00e9ateur est un challenge. Avec Cr\u00e9a&rsquo;Muse, je vous propose un accompagnement <strong>sur mesure<\/strong> afin de vous permettre de lib\u00e9rer votre cr\u00e9ativit\u00e9 autrement que dans la souffrance et la solitude.<\/p>\n<p>Je propose mon exp\u00e9rience et mon savoir faire au profit de <strong>votre<\/strong> projet en vous aidant \u00e0 r\u00e9v\u00e9ler votre<strong> singularit\u00e9<\/strong>. Tout le travail est fait dans le respect de <strong>vos envies et vos r\u00eaves<\/strong>. Je suis l\u00e0 pour vous tendre une main bienveillante et vous aider \u00e0 traverser les diff\u00e9rents passages vers la Cr\u00e9ation.<\/p>\n<h3><span style=\"color: #ff0000;\"><strong>Com\u00e9diens, humoristes professionnels, th\u00e9\u00e2tre, radio et audiovisuel<\/strong><\/span><\/h3>\n<p>Pr\u00e9paration de casting, auditions, sc\u00e8nes ouvertes, showcases<\/p>\n<p>Construction du personnage<\/p>\n<p>Mise en place du spectacle<\/p>\n<p>Mise en lumi\u00e8re de votre personnage public (ce qui fait votre singularit\u00e9 d&rsquo;artiste)<\/p>\n<h3><span style=\"color: #ff0000;\"><strong>Musiciens, Chanteurs<\/strong><\/span><\/h3>\n<p>Pr\u00e9paration aux auditions<\/p>\n<p>Travail de l&rsquo;interpr\u00e9tation<\/p>\n<p>Pr\u00e9paration du concert<\/p>\n<p>Mise en lumi\u00e8re de votre personnage public (ce qui fait votre singularit\u00e9 d&rsquo;artiste)<\/p>\n<h3><span style=\"color: #ff0000;\"><strong>Metteurs en sc\u00e8ne<\/strong><\/span><\/h3>\n<p>Aide au montage du spectacle, sc\u00e9nographie, <strong>direction d&rsquo;acteur<\/strong>, construction des rapports des personnages et des situations.<\/p>\n<h3><span style=\"color: #ff0000;\"><strong>Script doctor<\/strong><\/span><\/h3>\n<p>Accompagnement et aide \u00e0 l&rsquo;\u00e9criture de sc\u00e9narios, pi\u00e8ces, roman. Le travail se porte sur le perfectionnement de votre style, la construction ou la pr\u00e9cision des personnages, la qualit\u00e9 des dialogues, le rythme et la dramaturgie.<\/p>\n<h1><strong>Accompagnement personnalis\u00e9 \u00ab\u00a0Media training\u00a0\u00bb<\/strong><\/h1>\n<p>Comment ma\u00eetriser son image par l&rsquo;apprentissage des comportements face aux <b>media<\/b> (travail face cam\u00e9ra, entra\u00eenement et r\u00e9flexes face aux questions des journalistes\u2026). Formation destin\u00e9e, notamment aux responsables d&rsquo;entreprise pour leur permettre de contr\u00f4ler en partie leur communication.<\/p>\n<p>Quelque soit la th\u00e9matique abord\u00e9e, construction de la mise en sc\u00e8ne de la conf\u00e9rence, d\u00e9veloppement de la pr\u00e9sence sc\u00e9nique et la prise de parole en public. Mise en lumi\u00e8re de votre personnage public (ce qui fait votre singularit\u00e9 en tant qu&rsquo;orateur conf\u00e9rencier).<\/p>\n<p style=\"text-align: center;\">Pour en savoir plus son l&rsquo;accompagnement th\u00e9rapeutique et artistique rendez-vous sur \u00a0<span style=\"color: #ff0000;\"><strong>www.pheno-therapeute.fr<\/strong><\/span><\/p>\n","protected":false},"excerpt":{"rendered":"<p>Accompagnement personnalis\u00e9 d&rsquo;artistes L\u2019acte cr\u00e9ateur est un challenge. Avec Cr\u00e9a&rsquo;Muse, je vous propose un accompagnement sur mesure afin de vous permettre de lib\u00e9rer votre cr\u00e9ativit\u00e9 autrement que dans la souffrance et la solitude. Je propose mon exp\u00e9rience et mon savoir faire au profit de votre projet en vous aidant \u00e0 r\u00e9v\u00e9ler votre singularit\u00e9. Tout le &hellip; <\/p>\n<p class=\"link-more\"><a href=\"http:\/\/karinemarchi.fr\/index.php\/coaching\/\" class=\"more-link\">Continuer la lecture<span class=\"screen-reader-text\"> de &laquo;&nbsp;LIBEREZ VOTRE CREATIVITE &#8211; www.pheno-therapeute.fr&nbsp;&raquo;<\/span><\/a><\/p>\n","protected":false},"author":1,"featured_media":201,"parent":0,"menu_order":0,"comment_status":"closed","ping_status":"closed","template":"","meta":{"footnotes":""},"_links":{"self":[{"href":"http:\/\/karinemarchi.fr\/index.php\/wp-json\/wp\/v2\/pages\/69"}],"collection":[{"href":"http:\/\/karinemarchi.fr\/index.php\/wp-json\/wp\/v2\/pages"}],"about":[{"href":"http:\/\/karinemarchi.fr\/index.php\/wp-json\/wp\/v2\/types\/page"}],"author":[{"embeddable":true,"href":"http:\/\/karinemarchi.fr\/index.php\/wp-json\/wp\/v2\/users\/1"}],"replies":[{"embeddable":true,"href":"http:\/\/karinemarchi.fr\/index.php\/wp-json\/wp\/v2\/comments?post=69"}],"version-history":[{"count":19,"href":"http:\/\/karinemarchi.fr\/index.php\/wp-json\/wp\/v2\/pages\/69\/revisions"}],"predecessor-version":[{"id":493,"href":"http:\/\/karinemarchi.fr\/index.php\/wp-json\/wp\/v2\/pages\/69\/revisions\/493"}],"wp:featuredmedia":[{"embeddable":true,"href":"http:\/\/karinemarchi.fr\/index.php\/wp-json\/wp\/v2\/media\/201"}],"wp:attachment":[{"href":"http:\/\/karinemarchi.fr\/index.php\/wp-json\/wp\/v2\/media?parent=69"}],"curies":[{"name":"wp","href":"https:\/\/api.w.org\/{rel}","templated":true}]}}