{"id":59,"date":"2017-10-14T21:47:07","date_gmt":"2017-10-14T19:47:07","guid":{"rendered":"http:\/\/karinemarchi.fr\/?page_id=59"},"modified":"2021-10-22T11:23:28","modified_gmt":"2021-10-22T09:23:28","slug":"metteur-en-scene","status":"publish","type":"page","link":"http:\/\/karinemarchi.fr\/index.php\/metteur-en-scene\/","title":{"rendered":"Mises en sc\u00e8ne"},"content":{"rendered":"\n<h5 class=\"has-text-align-center wp-block-heading\"><span style=\"color: #ff0000;\"><\/span><\/h5>\n\n\n\n<h1 class=\"wp-block-heading\"><span style=\"color: #ff0000;\"><strong>ACTUELLEMENT<\/strong><\/span><\/h1>\n\n\n\n<div class=\"wp-block-columns is-layout-flex wp-container-core-columns-is-layout-1 wp-block-columns-is-layout-flex\">\n<div class=\"wp-block-column is-layout-flow wp-block-column-is-layout-flow\" style=\"flex-basis:100%\">\n<div class=\"wp-block-media-text alignwide is-stacked-on-mobile\"><figure class=\"wp-block-media-text__media\"><img decoding=\"async\" src=\"http:\/\/karinemarchi.fr\/wp-content\/uploads\/2021\/10\/CWaffiche2021_ok-683x1024.jpg\" alt=\"\" class=\"wp-image-524 size-full\"\/><\/figure><div class=\"wp-block-media-text__content\">\n<p><\/p>\n\n\n\n<p><strong>Cadre dynamique en recherche active de son \u00e9panouissement dans la start up nation.<\/strong><\/p>\n\n\n\n<p>Candide 2.0 des opens spaces, Carlie Winner tr\u00e9buche sur les nouveaux codes de la transformation digitale avec son jargon, ses chouquettes et ses injonctions. <\/p>\n\n\n\n<p> De son regard na\u00eff et authentique na\u00eet une satire d\u00e9sopilante et po\u00e9tique du n\u00e9o-management. Un seul en sc\u00e8ne qui fait rire, et r\u00e9fl\u00e9chir sous la douche. <\/p>\n<\/div><\/div>\n<\/div>\n<\/div>\n\n\n\n<p><strong><a href=\"https:\/\/www.billetreduc.com\/231576\/evt.htm\">R\u00e9servation<\/a><\/strong><\/p>\n\n\n\n<p><\/p>\n\n\n\n<div class=\"wp-block-media-text alignwide is-stacked-on-mobile\"><figure class=\"wp-block-media-text__media\"><img loading=\"lazy\" decoding=\"async\" width=\"724\" height=\"1024\" src=\"http:\/\/karinemarchi.fr\/wp-content\/uploads\/2021\/10\/Serenite-Web-724x1024.jpg\" alt=\"\" class=\"wp-image-540 size-full\" srcset=\"http:\/\/karinemarchi.fr\/wp-content\/uploads\/2021\/10\/Serenite-Web-724x1024.jpg 724w, http:\/\/karinemarchi.fr\/wp-content\/uploads\/2021\/10\/Serenite-Web-212x300.jpg 212w, http:\/\/karinemarchi.fr\/wp-content\/uploads\/2021\/10\/Serenite-Web-768x1087.jpg 768w, http:\/\/karinemarchi.fr\/wp-content\/uploads\/2021\/10\/Serenite-Web.jpg 848w\" sizes=\"(max-width: 724px) 100vw, 724px\" \/><\/figure><div class=\"wp-block-media-text__content\">\n<p><strong>Apr\u00e8s ces 2 ann\u00e9es de merde ressenties 10, Ombeline de Tarragon remonte sur sc\u00e8ne avec son nouveau spectacle \u00ab\u00a0S\u00e9r\u00e9nit\u00e9\u00a0\u00bb.<\/strong><\/p>\n\n\n\n<p> Elle nous parle d&rsquo;une paix int\u00e9rieure enfin trouv\u00e9e ou presque ou pas du tout..<\/p>\n\n\n\n<p>Un spectacle rempli d&rsquo;auto-d\u00e9rision et de personnages hauts en couleur , Ombeline nous raconte ses changements de vie, ses bonnes r\u00e9solutions et que non, elle n&rsquo;a pas cogn\u00e9 ses enfants malgr\u00e9 les confinements.<\/p>\n\n\n\n<p><strong><a href=\"https:\/\/www.billetreduc.com\/280718\/evt.htm\">R\u00e9servation<\/a><\/strong><\/p>\n<\/div><\/div>\n\n\n\n<div class=\"wp-block-columns is-layout-flex wp-container-core-columns-is-layout-2 wp-block-columns-is-layout-flex\">\n<div class=\"wp-block-column is-layout-flow wp-block-column-is-layout-flow\" style=\"flex-basis:100%\"><\/div>\n<\/div>\n\n\n\n<h1 class=\"wp-block-heading\">&nbsp;&nbsp;<span style=\"color: #ff0000;\"><strong>PRECEDEMMENT<\/strong><\/span><\/h1>\n\n\n\n<h3 class=\"has-text-align-center wp-block-heading\"><span style=\"color: #ff0000;\"><strong><span class=\"has-inline-color has-luminous-vivid-orange-color\">LECTURE MUSICALE RETRANSMISE SUR YOUTUBE<\/span><\/strong><\/span><\/h3>\n\n\n\n<h5 class=\"has-text-align-center wp-block-heading\"><span style=\"color: #ff0000;\"><strong> <span class=\"has-inline-color has-black-color\">DEPUIS LE THEATRE DE L&rsquo;ODEON TREMBLAY<\/span><\/strong><\/span><\/h5>\n\n\n\n<p class=\"has-text-align-center\"><strong><span class=\"has-inline-color has-luminous-vivid-orange-color\">D\u00e9couvrez comment Juliette est devenue Gr\u00e9co.<\/span><\/strong><\/p>\n\n\n\n<div class=\"wp-block-image\"><figure class=\"alignleft is-resized\"><img loading=\"lazy\" decoding=\"async\" src=\"http:\/\/karinemarchi.fr\/wp-content\/uploads\/2020\/11\/2610_4-300x278.jpg\" alt=\"\" class=\"wp-image-446\" width=\"281\" height=\"260\" srcset=\"http:\/\/karinemarchi.fr\/wp-content\/uploads\/2020\/11\/2610_4-300x278.jpg 300w, http:\/\/karinemarchi.fr\/wp-content\/uploads\/2020\/11\/2610_4-1024x950.jpg 1024w, http:\/\/karinemarchi.fr\/wp-content\/uploads\/2020\/11\/2610_4-768x712.jpg 768w, http:\/\/karinemarchi.fr\/wp-content\/uploads\/2020\/11\/2610_4-1536x1424.jpg 1536w, http:\/\/karinemarchi.fr\/wp-content\/uploads\/2020\/11\/2610_4-2048x1899.jpg 2048w\" sizes=\"(max-width: 281px) 100vw, 281px\" \/><\/figure><\/div>\n\n\n\n<p><em>Que l&rsquo;on connaisse ou non Juliette Gr\u00e9co, que l&rsquo;on aime ou non Juliette Gr\u00e9co, son histoire est bouleversante d\u2019actualit\u00e9&nbsp;! Par ses choix artistiques et amoureux, sa fougue, son temp\u00e9rament, elle a men\u00e9 sa vie avec une libert\u00e9 hors du commun. A travers ses plus belles rencontres&nbsp;: Boris Vian, Miles Davis, Fran\u00e7oise Sagan, Michel Piccoli\u2026et les auteurs qu\u2019elle a d\u00e9fendu : Jacques Brel, Guy B\u00e9art, Serge Gainsbourg\u2026<\/em><\/p>\n\n\n\n<p><\/p>\n\n\n\n<p class=\"has-text-align-left\"><strong><a href=\"https:\/\/youtu.be\/2Q5v-G9wn-8\">S\u00e9ance photo<\/a><\/strong> \/ <a style=\"font-weight: bold;\" href=\"https:\/\/www.facebook.com\/D%C3%A9shabillez-moi-Comment-Juliette-est-devenue-Gr%C3%A9co-103367994679809\">Page <\/a><font color=\"#222222\"><span style=\"caret-color: rgb(34, 34, 34); font-weight: 600;\">Facebook<\/span><\/font> \/ <a href=\"https:\/\/annadre.com\/projet-juliette-greco\/\"><strong>Site et Dossier de<\/strong> <strong>Presse<\/strong><\/a><\/p>\n\n\n\n<p><\/p>\n\n\n\n<div>\n<figure><img loading=\"lazy\" decoding=\"async\" class=\"alignleft size-medium wp-image-366\" src=\"http:\/\/karinemarchi.fr\/wp-content\/uploads\/2019\/08\/IMG_7542-213x300.jpg\" alt=\"\" width=\"213\" height=\"300\" srcset=\"http:\/\/karinemarchi.fr\/wp-content\/uploads\/2019\/08\/IMG_7542-213x300.jpg 213w, http:\/\/karinemarchi.fr\/wp-content\/uploads\/2019\/08\/IMG_7542-768x1083.jpg 768w, http:\/\/karinemarchi.fr\/wp-content\/uploads\/2019\/08\/IMG_7542-726x1024.jpg 726w, http:\/\/karinemarchi.fr\/wp-content\/uploads\/2019\/08\/IMG_7542.jpg 1238w\" sizes=\"(max-width: 213px) 100vw, 213px\" \/><\/figure><p>Accompagn\u00e9 d&rsquo;un batteur et d&rsquo;un pianiste, Geoffrey Secco propose un jazz atmosph\u00e9rique et voyageur inspir\u00e9 des grands espaces Australiens. Il m\u00eale sax et hypnose pour inviter le public dans un monde de perceptions nouvelles et intenses. Un monde int\u00e9rieur o\u00f9 chacun d\u00e9couvrira sa propre l\u00e9gende personnelle.<br>Quel est votre r\u00eave ? Et si, pendant ce concert sous hypnose, il \u00e9tait possible de vous connecter \u00e0 vos ressources inconscientes, qu&rsquo;en serait-il de votre vie ?<br>L&rsquo;hypnose utilis\u00e9e lors du concert n&rsquo;est pas de l&rsquo;hypnose de spectacle. C&rsquo;est de l&rsquo;hypnose ericksonienne, pratiqu\u00e9e dans le milieu m\u00e9dical et le coaching pour une exp\u00e9rience plus large de la r\u00e9alit\u00e9 et de soi.<\/p>\n<\/div>\n\n\n\n<div class=\"wp-block-image\"><figure class=\"alignleft\"><img loading=\"lazy\" decoding=\"async\" width=\"212\" height=\"300\" src=\"http:\/\/karinemarchi.fr\/wp-content\/uploads\/2019\/12\/vz-16dde61c-5f5e-4aa0-b8ad-02a36fa5a78f-212x300.jpg\" alt=\"\" class=\"wp-image-371\" srcset=\"http:\/\/karinemarchi.fr\/wp-content\/uploads\/2019\/12\/vz-16dde61c-5f5e-4aa0-b8ad-02a36fa5a78f-212x300.jpg 212w, http:\/\/karinemarchi.fr\/wp-content\/uploads\/2019\/12\/vz-16dde61c-5f5e-4aa0-b8ad-02a36fa5a78f.jpg 424w\" sizes=\"(max-width: 212px) 100vw, 212px\" \/><\/figure><\/div>\n\n\n\n<div><\/div>\n\n\n\n<div>&nbsp;<\/div>\n\n\n\n<div id=\"speDescription\">S&rsquo;appeler Miri et \u00eatre timide de surcro\u00eet, limite consid\u00e9rablement les chances de devenir une rock star&#8230;<br>De fait, avec un pr\u00e9nom pareil on ne peut que faire des rencontres d\u00e9jant\u00e9es. Une prof obs\u00e9d\u00e9e sexuelle, un patron coca\u00efnomane&#8230; m\u00eame sa psy n&rsquo;a pas tous les boulons en place&#8230; R\u00e9sultat, on finit d\u00e9sesp\u00e9r\u00e9 par aller voir un marabout d\u00e9senvo\u00fbteur d&rsquo;anus&#8230;<br>Miri se met \u00e0 nu pour vous&#8230; Oh my God !<br>Suivez l&rsquo;itin\u00e9raire original de Miri qui fera tout pour arr\u00eater de \u00ab\u00a0faire son Miri\u00a0\u00bb.<\/div>\n\n\n\n<div>&nbsp;<\/div>\n\n\n\n<div class=\"wp-block-image\"><figure class=\"alignleft\"><img loading=\"lazy\" decoding=\"async\" width=\"200\" height=\"300\" src=\"http:\/\/karinemarchi.fr\/wp-content\/uploads\/2017\/10\/je-t-aime-200x300.jpg\" alt=\"\" class=\"wp-image-61\" srcset=\"http:\/\/karinemarchi.fr\/wp-content\/uploads\/2017\/10\/je-t-aime-200x300.jpg 200w, http:\/\/karinemarchi.fr\/wp-content\/uploads\/2017\/10\/je-t-aime-683x1024.jpg 683w, http:\/\/karinemarchi.fr\/wp-content\/uploads\/2017\/10\/je-t-aime.jpg 709w\" sizes=\"(max-width: 200px) 100vw, 200px\" \/><\/figure><\/div>\n\n\n\n<p>Caract\u00e8re, d\u00e9penses ou traditions, ils n&rsquo;ont rien en commun ; sauf le go\u00fbt du mensonge.<br>Entre pr\u00e9jug\u00e9s et faux semblants, sauront-ils saisir leur chance de vivre le grand amour ?<br>Forrest Gump disait <i>\u00ab\u00a0la vie c&rsquo;est comme une bo\u00eete de chocolat, on ne sait jamais sur quoi on va tomber\u00a0\u00bb<\/i>.&nbsp;C&rsquo;est ce que doit penser Myriam Ben Chemoul, une juive parisienne, la trentaine, mi-bobo mi-princesse, quand sa vie est chamboul\u00e9e par la rencontre de Ga\u00ebl Le Floch, un breton beauf, gentil, et tr\u00e8s envahissant.<br>Il n&rsquo;a qu&rsquo;une id\u00e9e en t\u00eate : la s\u00e9duire, elle n&rsquo;a qu&rsquo;une r\u00e9ponse : le faire fuir !<\/p>\n\n\n\n<div class=\"wp-block-image\"><figure class=\"alignleft\"><img loading=\"lazy\" decoding=\"async\" width=\"180\" height=\"269\" src=\"http:\/\/karinemarchi.fr\/wp-content\/uploads\/2017\/11\/vz-FC97EE7B-73ED-4ED0-B7D9-778EB66D2DCC-1.jpg\" alt=\"\" class=\"wp-image-122\"\/><\/figure><\/div>\n\n\n\n<p>Rester coinc\u00e9 une heure dans une salle d&rsquo;attente, c&rsquo;est d\u00e9j\u00e0 p\u00e9nible, mais avec un con qui vous pourrit la vie, il y a de quoi devenir dingue !&nbsp;Alors quand Paul, dangereusement extravagant, y rencontre Anatole, vieux gar\u00e7on \u00e9triqu\u00e9, la folie est \u00e0 son paroxysme&#8230;<br>Entre quiproquos, engueulades et jeux de r\u00f4le, ils seront confront\u00e9s \u00e0 leurs d\u00e9lires respectifs.<br>Une com\u00e9die absurde et d\u00e9jant\u00e9e o\u00f9 se succ\u00e8dent des situations toutes plus improbables les unes que les autres.<\/p>\n\n\n\n<p><\/p>\n\n\n\n<p><\/p>\n\n\n\n<div class=\"wp-block-image\"><figure class=\"alignleft\"><img loading=\"lazy\" decoding=\"async\" width=\"200\" height=\"300\" src=\"http:\/\/karinemarchi.fr\/wp-content\/uploads\/2017\/12\/40x60-Cest-dur-NoDate-200x300.jpg\" alt=\"\" class=\"wp-image-286\" srcset=\"http:\/\/karinemarchi.fr\/wp-content\/uploads\/2017\/12\/40x60-Cest-dur-NoDate-200x300.jpg 200w, http:\/\/karinemarchi.fr\/wp-content\/uploads\/2017\/12\/40x60-Cest-dur-NoDate-768x1152.jpg 768w, http:\/\/karinemarchi.fr\/wp-content\/uploads\/2017\/12\/40x60-Cest-dur-NoDate-683x1024.jpg 683w, http:\/\/karinemarchi.fr\/wp-content\/uploads\/2017\/12\/40x60-Cest-dur-NoDate.jpg 989w\" sizes=\"(max-width: 200px) 100vw, 200px\" \/><\/figure><\/div>\n\n\n\n<p><span style=\"font-size: 1rem;\">Elle est marseillaise, extravertie, joyeuse, bruyante. Il est parisien snob,<\/span><\/p>\n\n\n\n<p>\u00e9l\u00e9gant et pr\u00e9tentieux. Tout les oppose, rien ne pr\u00e9sageait une telle rencontre, et pourtant&#8230;<\/p>\n\n\n\n<p>Un soir par accident ils se retrouvent enferm\u00e9s dans le m\u00eame bureau. Ils vont devoir passer la nuit ensemble&#8230; Ca promet d&rsquo;\u00eatre explosif.<\/p>\n\n\n\n<p><\/p>\n\n\n\n<p><\/p>\n\n\n\n<p><\/p>\n\n\n\n<figure class=\"wp-block-image size-large\"><img loading=\"lazy\" decoding=\"async\" width=\"180\" height=\"238\" src=\"http:\/\/karinemarchi.fr\/wp-content\/uploads\/2017\/11\/vz-FC97EE7B-73ED-4ED0-B7D9-778EB66D2DCC-5-e1512387557750.jpg\" alt=\"\" class=\"wp-image-129\"\/><\/figure>\n\n\n\n<p><\/p>\n\n\n\n<p><\/p>\n\n\n\n<p><\/p>\n\n\n\n<div>&nbsp;<\/div>\n\n\n\n<div><span style=\"font-size: 1rem;\"><\/span><\/div>\n\n\n\n<div><span style=\"font-size: 1rem;\">Du rire \u00e0 offrir aux amoureux et \u00e0 toutes celles et ceux qui souhaitent l&rsquo;\u00eatre encore et encore&#8230; &nbsp;<\/span><\/div>\n\n\n\n<div>\n<div>&nbsp;<\/div>\n<div>Entre \u00a0\u00bb Bridget Jones \u00a0\u00bb et Emmanuelle, Eve vous raconte \u00a0\u00bb en live \u00a0\u00bb sa biographie libertine.<\/div>\n<div>\n<div>&nbsp;<\/div>\n<div>&nbsp;<\/div>\n<div id=\"speDescription\">Une multitude de portraits pour faire vivre un propos universel libre dr\u00f4le et culott\u00e9 &#8230;<\/div>\n<\/div>\n<\/div>\n\n\n\n<div>&nbsp;<\/div>\n\n\n\n<div>&nbsp;<\/div>\n\n\n\n<div>\n<figure><img loading=\"lazy\" decoding=\"async\" class=\"wp-image-127  alignleft\" src=\"http:\/\/karinemarchi.fr\/wp-content\/uploads\/2017\/11\/vz-FC97EE7B-73ED-4ED0-B7D9-778EB66D2DCC-3-e1509747657460.jpg\" alt=\"\" width=\"208\" height=\"270\"><\/figure><p><\/p>\n<p style=\"text-align: left;\"><span style=\"font-size: 0.9375rem; font-weight: 800;\">Ma plus belle Arnaque c&rsquo;est quelque chose de tr\u00e8s f\u00e9d\u00e9rateur quelque chose qu&rsquo;on a tous en commun.&nbsp;<\/span><span style=\"font-size: 1rem;\">\u00ab\u00a0On ne m&rsquo;y reprendra plus!\u00a0\u00bb Nous l&rsquo;avons tous dit.Mais l&rsquo;Arnaque revient vicieuse. elle se faufile par le trou de la serrure par la moindre br\u00e8che, l\u00e0 o\u00f9 on ne l&rsquo;attend pas pour vous prendre par surprise.<\/span><br>Erika Jouanneau-Courville ne l&rsquo;a pas vu venir et l&rsquo;a subi pendant des ann\u00e9es. Elle vous parle de son parcours juch\u00e9 de petits plans foireux, castings douteux, promesses non tenues et vous comprendrez pourquoi.&nbsp;Maintenant c&rsquo;est d\u00e9cid\u00e9 ! On ne l&rsquo;y reprendra plus.<\/p>\n<\/div>\n\n\n\n<div>\n<figure><img loading=\"lazy\" decoding=\"async\" class=\" wp-image-128 alignleft\" src=\"http:\/\/karinemarchi.fr\/wp-content\/uploads\/2017\/11\/vz-FC97EE7B-73ED-4ED0-B7D9-778EB66D2DCC-4.jpg\" alt=\"\" width=\"212\" height=\"304\"><\/figure><p><\/p>\n<p><span style=\"font-size: 0.9375rem; font-weight: 800;\">Inspir\u00e9e par le \u00a0\u00bb Jardin des roses \u00a0\u00bb du po\u00e8te persan Saadi, Laurence Bourdais vous invite \u00e0 une promenade f\u00e9erique.&nbsp;<\/span>Ces contes compos\u00e9s de joyeux aphorismes nous r\u00e9v\u00e8lent, par leur histoire, leur morale et leur philosophie, comment passer du quotidien au merveilleux.<br>Laissez-vous transporter par la magie de ces contes o\u00f9 vous ferez des rencontres amus\u00e9es avec ma\u00eetres et disciples, rois et esclaves, couples enflamm\u00e9s et m\u00eame Dieu.<\/p>\n<\/div>\n\n\n\n<div>&nbsp;<\/div>\n\n\n\n<div>&nbsp;<\/div>\n\n\n\n<div class=\"wp-block-image\"><figure class=\"alignleft\"><img loading=\"lazy\" decoding=\"async\" width=\"180\" height=\"258\" src=\"http:\/\/karinemarchi.fr\/wp-content\/uploads\/2017\/12\/4417.jpg\" alt=\"\" class=\"wp-image-270\"\/><\/figure><\/div>\n\n\n\n<div><\/div>\n\n\n\n<div>&nbsp;<\/div>\n\n\n\n<div><strong style=\"font-size: 1rem;\">\u00ab\u00a0Les Trentennaires r\u00e9volutionnaires\u00a0\u00bb<\/strong><\/div>\n\n\n\n<div><strong>\u00ab\u00a0On est tous des j<\/strong><b>ambiens\u00a0\u00bb<\/b><\/div>\n\n\n\n<div>Mon univers ? C\u2019est le v\u00f4tre, le n\u00f4tre : le monde !<br>Un monde de splendeur mais malheureusement aussi un monde de d\u00e9sarroi, d\u2019aberration, de compromis, de complaisance et de bassesse&#8230; &nbsp;Beaucoup d\u2019humour, un zest de courage et de simplicit\u00e9, puis essayer encore et encore&#8230;. pour cr\u00e9er ensemble un nouveau monde dans lequel l\u2019authenticit\u00e9 prime sur les masques et les faux-semblants. Un monde r\u00e9volutionnaire quoi !<\/div>\n","protected":false},"excerpt":{"rendered":"<p>ACTUELLEMENT Cadre dynamique en recherche active de son \u00e9panouissement dans la start up nation. Candide 2.0 des opens spaces, Carlie Winner tr\u00e9buche sur les nouveaux codes de la transformation digitale avec son jargon, ses chouquettes et ses injonctions. De son regard na\u00eff et authentique na\u00eet une satire d\u00e9sopilante et po\u00e9tique du n\u00e9o-management. Un seul en &hellip; <\/p>\n<p class=\"link-more\"><a href=\"http:\/\/karinemarchi.fr\/index.php\/metteur-en-scene\/\" class=\"more-link\">Continuer la lecture<span class=\"screen-reader-text\"> de &laquo;&nbsp;Mises en sc\u00e8ne&nbsp;&raquo;<\/span><\/a><\/p>\n","protected":false},"author":1,"featured_media":0,"parent":0,"menu_order":0,"comment_status":"closed","ping_status":"closed","template":"","meta":{"footnotes":""},"_links":{"self":[{"href":"http:\/\/karinemarchi.fr\/index.php\/wp-json\/wp\/v2\/pages\/59"}],"collection":[{"href":"http:\/\/karinemarchi.fr\/index.php\/wp-json\/wp\/v2\/pages"}],"about":[{"href":"http:\/\/karinemarchi.fr\/index.php\/wp-json\/wp\/v2\/types\/page"}],"author":[{"embeddable":true,"href":"http:\/\/karinemarchi.fr\/index.php\/wp-json\/wp\/v2\/users\/1"}],"replies":[{"embeddable":true,"href":"http:\/\/karinemarchi.fr\/index.php\/wp-json\/wp\/v2\/comments?post=59"}],"version-history":[{"count":138,"href":"http:\/\/karinemarchi.fr\/index.php\/wp-json\/wp\/v2\/pages\/59\/revisions"}],"predecessor-version":[{"id":554,"href":"http:\/\/karinemarchi.fr\/index.php\/wp-json\/wp\/v2\/pages\/59\/revisions\/554"}],"wp:attachment":[{"href":"http:\/\/karinemarchi.fr\/index.php\/wp-json\/wp\/v2\/media?parent=59"}],"curies":[{"name":"wp","href":"https:\/\/api.w.org\/{rel}","templated":true}]}}