{"id":106,"date":"2017-10-14T22:50:04","date_gmt":"2017-10-14T20:50:04","guid":{"rendered":"http:\/\/karinemarchi.fr\/?page_id=106"},"modified":"2017-10-14T22:50:04","modified_gmt":"2017-10-14T20:50:04","slug":"cv","status":"publish","type":"page","link":"http:\/\/karinemarchi.fr\/index.php\/cv\/","title":{"rendered":"CV"},"content":{"rendered":"<h1><strong>FORMATION<\/strong><\/h1>\n<ul>\n<li>Studio Pygmalion \u00ab\u00a0Les Fondamentaux\u00a0\u00bb puis atelier \u00ab\u00a0Pro\u00a0\u00bb<\/li>\n<li>Cours d\u2019Art Dramatique au CHARPENTIER ART STUDIO.<\/li>\n<li><strong>\u00a0<\/strong>Atelier de technique vocale pour le chant\u00a0: La Manufacture-Chanson, Isaac Ha\u00efm (Technique du Roy\u2019art)<\/li>\n<li>Stages de clown<\/li>\n<\/ul>\n<h1><strong>\u00a0<\/strong><strong>EXPERIENCE THEATRALE<\/strong><\/h1>\n<ul>\n<li>Concerts Menilmusique (guitare\/voix)<\/li>\n<li>\u00ab\u00a0Et pourquoi tout \u00e7a\u00a0?\u00a0\u00bb Cr\u00e9ation au Th\u00e9\u00e2tre du Petit Gymnase.<\/li>\n<li>\u00ab\u00a0D\u00e9clarations amoureuses\u00a0\u00bb Cr\u00e9ation \u00e0 l\u2019Alambic studio th\u00e9\u00e2tre.<\/li>\n<li>\u00ab\u00a0Voyage au f\u00e9minin\u00a0\u00bb lecture de po\u00e8mes \u00e0 l\u2019Alambic studio th\u00e9\u00e2tre.<\/li>\n<li>\u00ab\u00a0O\u00f9 t\u2019en vas-ti\u00a0\u00bb Cr\u00e9ation \u00e0 l\u2019Alambic studio th\u00e9\u00e2tre.<\/li>\n<li>\u00ab\u00a0Mise en pi\u00e8ce\u00a0\u00bb Cr\u00e9ation le Festival \u00ab\u00a0Les Planches en Chance\u00a0\u00bb du Th\u00e9\u00e2tre des songes, le Festival \u00ab\u00a0Th\u00e9\u00e2tre sous la ville\u00a0\u00bb et au Point Virgule.<\/li>\n<li>\u00ab\u00a0Exercice de style\u00a0\u00bb cr\u00e9ation th\u00e9\u00e2tre de Nesle<\/li>\n<li>Conteuse pour l\u2019Assistance Publique et Cariboo Loisir<\/li>\n<li>\u00ab\u00a0Objectif Terre ou les aventures de Pirouette et Pr. D\u00e9block\u00a0\u00bb Spectacle pour enfants<\/li>\n<li>\u00ab\u00a0R\u00eaveries Magiques\u00a0\u00bb Spectacle pour enfants<\/li>\n<\/ul>\n<h1><strong>EXPERIENCE AUDIOVISUELLE<\/strong><\/h1>\n<ul>\n<li>Doublage voix pour documentaire Arte (s\u00e9rie sur l\u2019Inde). Elephant Prod.<\/li>\n<li>Voix off pour institutionnels.<\/li>\n<li>Institutionnel INREES<\/li>\n<li>\u00ab\u00a0La vie rayonne\u00a0\u00bb Clip<\/li>\n<li>\u00ab\u00a0Mes vacances\u00a0\u00bb Court M\u00e9trage<\/li>\n<li>\u00ab\u00a0Petit Claus, grand Claus\u00a0\u00bb Court M\u00e9trage<\/li>\n<li>\u00ab\u00a0Le temps ne fait rien \u00e0 l\u2019affaire\u00a0\u00bb, Court M\u00e9trage<\/li>\n<li>\u00ab\u00a0Pulsions\u00a0\u00bb, Court M\u00e9trage<\/li>\n<li>\u00ab\u00a0Les dossiers de l\u2019Histoire\u00a0\u00bb docu-fiction<\/li>\n<\/ul>\n<h1><strong>\u00a0<\/strong><strong>DIVERS &#8211;\u00a0FICHE DE RENSEIGNEMENT<\/strong><\/h1>\n<ul>\n<li>Yoga, Marathon<\/li>\n<li>Guitare<\/li>\n<li><span style=\"font-size: 1rem;\">Caract\u00e9ristiques physiques\u00a0: 1m75 pour 64 kg, cheveux ch\u00e2tain clair et yeux verts;<\/span><\/li>\n<li>Veste et pantalon ou jupe\u00a0: taille 38-40\u00a0; pointure\u00a0: 40.<\/li>\n<li>Bon niveau d\u2019anglais et espagnol (oral et \u00e9crit), allemand (notions)<\/li>\n<li>Formation initiale BAC+5\u00a0: juriste, dipl\u00f4m\u00e9e d\u2019un D.E.A. de droit P\u00e9nal \u2013 Universit\u00e9 Paris II<\/li>\n<li>Permis moto toutes cylindr\u00e9es et voiture<\/li>\n<\/ul>\n<p>&nbsp;<\/p>\n","protected":false},"excerpt":{"rendered":"<p>FORMATION Studio Pygmalion \u00ab\u00a0Les Fondamentaux\u00a0\u00bb puis atelier \u00ab\u00a0Pro\u00a0\u00bb Cours d\u2019Art Dramatique au CHARPENTIER ART STUDIO. \u00a0Atelier de technique vocale pour le chant\u00a0: La Manufacture-Chanson, Isaac Ha\u00efm (Technique du Roy\u2019art) Stages de clown \u00a0EXPERIENCE THEATRALE Concerts Menilmusique (guitare\/voix) \u00ab\u00a0Et pourquoi tout \u00e7a\u00a0?\u00a0\u00bb Cr\u00e9ation au Th\u00e9\u00e2tre du Petit Gymnase. \u00ab\u00a0D\u00e9clarations amoureuses\u00a0\u00bb Cr\u00e9ation \u00e0 l\u2019Alambic studio th\u00e9\u00e2tre. \u00ab\u00a0Voyage &hellip; <\/p>\n<p class=\"link-more\"><a href=\"http:\/\/karinemarchi.fr\/index.php\/cv\/\" class=\"more-link\">Continuer la lecture<span class=\"screen-reader-text\"> de &laquo;&nbsp;CV&nbsp;&raquo;<\/span><\/a><\/p>\n","protected":false},"author":1,"featured_media":0,"parent":0,"menu_order":0,"comment_status":"closed","ping_status":"closed","template":"","meta":{"footnotes":""},"_links":{"self":[{"href":"http:\/\/karinemarchi.fr\/index.php\/wp-json\/wp\/v2\/pages\/106"}],"collection":[{"href":"http:\/\/karinemarchi.fr\/index.php\/wp-json\/wp\/v2\/pages"}],"about":[{"href":"http:\/\/karinemarchi.fr\/index.php\/wp-json\/wp\/v2\/types\/page"}],"author":[{"embeddable":true,"href":"http:\/\/karinemarchi.fr\/index.php\/wp-json\/wp\/v2\/users\/1"}],"replies":[{"embeddable":true,"href":"http:\/\/karinemarchi.fr\/index.php\/wp-json\/wp\/v2\/comments?post=106"}],"version-history":[{"count":1,"href":"http:\/\/karinemarchi.fr\/index.php\/wp-json\/wp\/v2\/pages\/106\/revisions"}],"predecessor-version":[{"id":107,"href":"http:\/\/karinemarchi.fr\/index.php\/wp-json\/wp\/v2\/pages\/106\/revisions\/107"}],"wp:attachment":[{"href":"http:\/\/karinemarchi.fr\/index.php\/wp-json\/wp\/v2\/media?parent=106"}],"curies":[{"name":"wp","href":"https:\/\/api.w.org\/{rel}","templated":true}]}}